{"id":2400167,"date":"2019-08-23T06:35:06","date_gmt":"2019-08-23T03:35:06","guid":{"rendered":"https:\/\/alaki.fi\/wordpress\/?page_id=2400167"},"modified":"2025-10-12T18:49:13","modified_gmt":"2025-10-12T15:49:13","slug":"lakiasiaintoimistoja-law-offices","status":"publish","type":"page","link":"https:\/\/alaki.fi\/wordpress\/?page_id=2400167","title":{"rendered":"Lakiasiaintoimistoista &#8211; om juridiska byr\u00e5er"},"content":{"rendered":"\n<ul class=\"wp-block-list\">\n<li><a rel=\"noreferrer noopener\" href=\"https:\/\/alaki.fi\/wordpress\/?page_id=2400619\" target=\"_blank\">siirry julkiseen luetteloon<\/a><\/li>\n\n\n\n<li><a href=\"https:\/\/alaki.fi\/wordpress\/\">alkuun<\/a><\/li>\n<\/ul>\n\n\n\n<p>Luetteloon merkitty toimipaikkakunta on viitteellinen. Useimmat j\u00e4senemme voivat toimia Suomessa my\u00f6s muualla kuin kotipaikkakunnallaan ja muissa kuin kotipaikkakuntansa hovioikeuspiireiss\u00e4 sek\u00e4 ylimmiss\u00e4 oikeusasteissa.  Esiintyminen tuomioistuimissa ulkomailla voi olla mahdollista, JOS asianomaisessa maassa sovellettava lains\u00e4\u00e4d\u00e4nt\u00f6 sen sallii.  <\/p>\n\n\n\n<p><\/p>\n\n\n\n<p><a href=\"https:\/\/asiointi.oikeus.fi\/oikeudenkayntiavustajaluettelo\/avustaja\/search\" target=\"_blank\" rel=\"noreferrer noopener\">Tarkasta t\u00e4\u00e4lt\u00e4 onko lakimiehell\u00e4si oikeudenk\u00e4yntiavustajan lupa &#8211; kolla h\u00e4r om din jurist har tillst\u00e5nd &#8211; check here whether your lawyer has a licence to be a legal counsel at the moment  https:\/\/asiointi.oikeus.fi\/oikeudenkayntiavustajaluettelo\/avustaja\/search<\/a> <\/p>\n\n\n\n<p><strong>Voimme avustaa oikeudellisissa asioissa ja esiinty\u00e4 mm. tuomioistuimissa. <\/strong><\/p>\n\n\n\n<p><strong>Vi kan ge r\u00e5d i juridiska saker och agera som ombud mm. i domstolar.<br><\/strong><br><strong>We can help you in legal matters. We are also legally qualified to prosecute and defend actions in courts on the retainer of clients.<\/strong><br><br><br> Code of Judicial Procedure (4\/1734; amendments up to 732\/2015 included) <br><br> Chapter 15 \u2014 Attorney (150\/1958)<br><\/p>\n\n\n\n<p>Section 2 (718\/2011)<br><br> (1) Unless otherwise provided in this or another Act, an advocate, a public legal aide or counsel <strong>who has obtained the license<\/strong> referred to in the Licensed Counsel  Act <strong>(715\/2011) may serve as an attorney <\/strong> or counsel. <br><br> (Act 715\/2011 can also be translated as Act on licensed attorneys, look at Section 8 \u2212 Attorney in the Legal Aid Act below).<br> <br> <a href=\"http:\/\/www.finlex.fi\/fi\/laki\/kaannokset\/2002\/en20020257.pdf\">Legal Aid Act (257\/2002; amendments up to 720\/2011 included)<\/a><br><br> <a href=\"https:\/\/en.wikipedia.org\/wiki\/Attorney_at_law\">Wikipedia attorney at law<\/a><br><br> <a href=\"https:\/\/en.wikipedia.org\/wiki\/Lawyer\">Wikipedia lawyer<\/a><br> <br><a href=\"https:\/\/www.sra.org.uk\/solicitors\/qlts\/recognised-jurisdictions.page\">List of Qualified Lawyers according SRA<\/a><br> <\/p>\n\n\n\n<p>Lains\u00e4\u00e4d\u00e4nt\u00f6\u00e4 <a href=\"https:\/\/finlex.fi\/fi\/laki\/ajantasa\/2011\/20110715\" target=\"_blank\" rel=\"noreferrer noopener\">https:\/\/finlex.fi\/fi\/laki\/ajantasa\/2011\/20110715<\/a><\/p>\n\n\n\n<p>Laki luvan saaneista oikeudenk\u00e4yntiavustajista 715\/2011<\/p>\n\n\n\n<ul class=\"wp-block-list\">\n<li>&#8211; &#8211; &#8211; &#8211; &#8211; &#8211; &#8211; &#8211;<\/li>\n<\/ul>\n\n\n\n<h5 class=\"wp-block-heading\"><a href=\"https:\/\/finlex.fi\/fi\/laki\/ajantasa\/2011\/20110715#a715-2011\">8 \u00a7<\/a><\/h5>\n\n\n\n<h5 class=\"wp-block-heading\">Velvollisuudet<\/h5>\n\n\n\n<p>Luvan saaneen oikeudenk\u00e4yntiavustajan tulee rehellisesti ja tunnollisesti t\u00e4ytt\u00e4\u00e4 h\u00e4nelle uskotut oikeudenk\u00e4yntiasiamiehen ja -avustajan teht\u00e4v\u00e4t. Mainituissa teht\u00e4viss\u00e4 oikeudenk\u00e4yntiavustajan tulee erityisesti:<\/p>\n\n\n\n<p>1) olla asiakkaalleen lojaali sek\u00e4 parhaan kykyns\u00e4 mukaan valvoa asiakkaansa etua ja oikeutta;<\/p>\n\n\n\n<p>2) olla riippumaton sellaisista ulkopuolisista vaikutteista, jotka voivat haitata h\u00e4nen kyky\u00e4\u00e4n t\u00e4ysipainoisesti valvoa asiakkaansa etua, sek\u00e4 s\u00e4ilytt\u00e4\u00e4 toiminnassaan riippumattomuutensa;<\/p>\n\n\n\n<p>3) teht\u00e4v\u00e4\u00e4 vastaanottaessaan ja sit\u00e4 hoitaessaan olla esteet\u00f6n;<\/p>\n\n\n\n<p>4) olla luvattomasti ilmaisematta sellaista yksityisen tai perheen salaisuutta taikka liikesalaisuutta, josta h\u00e4n teht\u00e4v\u00e4ss\u00e4\u00e4n on saanut tiedon;&nbsp;<a href=\"https:\/\/finlex.fi\/fi\/laki\/ajantasa\/2011\/20110715#a10.8.2018-634\">(10.8.2018\/634)<\/a><\/p>\n\n\n\n<p>5) olla luvattomasti ilmaisematta muita kuin 4 kohdassa tarkoitettuja tietoja, joita h\u00e4n teht\u00e4v\u00e4\u00e4 hoitaessaan on saanut tiet\u00e4\u00e4 asiakkaastaan ja t\u00e4m\u00e4n oloista;<\/p>\n\n\n\n<p>6) hoitaa saamansa teht\u00e4v\u00e4t huolellisesti, t\u00e4sm\u00e4llisesti, tarpeellisella joutuisuudella sek\u00e4 tarpeettomia kustannuksia aiheuttamatta;<\/p>\n\n\n\n<p>7) yll\u00e4pit\u00e4\u00e4 ja kehitt\u00e4\u00e4 ammattitaitoaan sek\u00e4 seurata oikeuskehityst\u00e4 erityisesti niill\u00e4 oikeudenaloilla, joilla h\u00e4n toimii;<\/p>\n\n\n\n<p>8) kielt\u00e4yty\u00e4 ottamasta teht\u00e4v\u00e4\u00e4 vastaan, jos h\u00e4nell\u00e4 ei ole sen edellytt\u00e4m\u00e4\u00e4 ammattitaitoa tai jos h\u00e4n ei muutoin kykene huolehtimaan teht\u00e4v\u00e4n asianmukaisesta hoitamisesta;<\/p>\n\n\n\n<p>9) pit\u00e4\u00e4 asiakkaalleen kuuluvat raha- ja muut varat erill\u00e4\u00e4n omista varoistaan;<\/p>\n\n\n\n<p>10) vastata kohtuullisessa ajassa saamiinsa oikeudenk\u00e4yntiasiamiehen ja -avustajan teht\u00e4viin liittyviin yhteydenottoihin, jollei se aiemman vastauksen tai muun vastaavan syyn vuoksi ole ilmeisen tarpeetonta;<\/p>\n\n\n\n<p>11) vastata teht\u00e4v\u00e4\u00e4 tarjonneelle ilman aiheetonta viivytyst\u00e4, jos luvan saanut oikeudenk\u00e4yntiavustaja ei ota vastaan h\u00e4nelle tarjottua teht\u00e4v\u00e4\u00e4;<\/p>\n\n\n\n<p>12) hankkia asiakkaansa hyv\u00e4ksyminen t\u00e4m\u00e4n oikeutta koskeviin t\u00e4rkeisiin toimenpiteisiin, jolleiv\u00e4t asian kiireellisyys tai muut painavat syyt sit\u00e4 est\u00e4;<\/p>\n\n\n\n<p>13) olla ilman erityist\u00e4 syyt\u00e4 ryhtym\u00e4tt\u00e4 oikeudellisiin toimenpiteisiin ilmoittamatta vastapuolelle asiakkaansa vaatimuksia ja varaamatta vastapuolelle kohtuullista harkinta-aikaa sek\u00e4 tilaisuutta asian sovinnolliseen selvitt\u00e4miseen;<\/p>\n\n\n\n<p>14) olla ilman vastapuolen suostumusta sopimusneuvotteluiden ulkopuolella vetoamatta vastapuolen tekem\u00e4\u00e4n sovintotarjoukseen;<\/p>\n\n\n\n<p>15) olla painostamatta sopimattomasti vastapuolta;<\/p>\n\n\n\n<p>16) olla pyrkim\u00e4tt\u00e4 vaikuttamaan tuomioistuimeen tai muuhun viranomaiseen ep\u00e4asiallisin keinoin ja saattamatta tuomioistuimen tai muun viranomaisen ty\u00f6t\u00e4 tai ratkaisua ep\u00e4asiallisen arvostelun kohteeksi;<\/p>\n\n\n\n<p>17) olla antamatta tuomioistuimelle tai muulle viranomaiselle lausumia, jotka h\u00e4n tiet\u00e4\u00e4 paikkansapit\u00e4m\u00e4tt\u00f6miksi, sek\u00e4 kiist\u00e4m\u00e4tt\u00e4, mink\u00e4 tiet\u00e4\u00e4 todeksi;<\/p>\n\n\n\n<p>18) olla pyrkim\u00e4tt\u00e4 sopimattomasti vaikuttamaan todistajaan;<\/p>\n\n\n\n<p>19) olla ilman erityist\u00e4 syyt\u00e4 pit\u00e4m\u00e4tt\u00e4 yhteytt\u00e4 vastapuoleen ilman t\u00e4m\u00e4n oikeudenk\u00e4yntiasiamiehen tai -avustajan suostumusta, jos asiakkaan vastapuoli k\u00e4ytt\u00e4\u00e4 oikeudellista avustajaa.<\/p>\n\n\n\n<p>Ammattimaisesti oikeudenk\u00e4yntiasiamiehen ja -avustajan teht\u00e4vi\u00e4 harjoittavalla luvan saaneella oikeudenk\u00e4yntiavustajalla tulee olla mainitussa teht\u00e4v\u00e4ss\u00e4 toiselle aiheutuvien varallisuusvahinkojen varalta riitt\u00e4v\u00e4 vastuuvakuutus.<\/p>\n\n\n\n<p>Rangaistus 1 momentin 4 kohdassa s\u00e4\u00e4detyn salassapitovelvollisuuden rikkomisesta tuomitaan rikoslain&nbsp;<a href=\"https:\/\/finlex.fi\/fi\/laki\/ajantasa\/1889\/18890039\">(39\/1889) 38 luvun<\/a>&nbsp;1 tai 2 \u00a7:n mukaan, jollei teosta muualla laissa s\u00e4\u00e4det\u00e4 ankarampaa rangaistusta.<\/p>\n\n\n\n<p>Kuluttajan kannalta sopimattomasta tai hyv\u00e4n tavan vastaisesta menettelyst\u00e4 s\u00e4\u00e4det\u00e4\u00e4n lis\u00e4ksi kuluttajansuojalain&nbsp;<a href=\"https:\/\/finlex.fi\/fi\/laki\/ajantasa\/1978\/19780038\">(38\/1978) 2 luvussa<\/a>.<\/p>\n\n\n\n<p>Mit\u00e4 edell\u00e4 t\u00e4ss\u00e4 pyk\u00e4l\u00e4ss\u00e4 s\u00e4\u00e4det\u00e4\u00e4n, sovelletaan my\u00f6s luvan saaneen oikeudenk\u00e4yntiavustajan muuhun teht\u00e4v\u00e4\u00e4n, jonka h\u00e4n on saanut tuomioistuimen m\u00e4\u00e4r\u00e4yksen perusteella tai johon h\u00e4net on m\u00e4\u00e4r\u00e4tty oikeusapulaissa&nbsp;<a href=\"https:\/\/finlex.fi\/fi\/laki\/ajantasa\/2002\/20020257\">(257\/2002)<\/a>&nbsp;tarkoitetuksi avustajaksi.<\/p>\n\n\n\n<h5 class=\"wp-block-heading\"><a href=\"https:\/\/finlex.fi\/fi\/laki\/ajantasa\/2011\/20110715#a715-2011\">9 \u00a7<\/a><\/h5>\n\n\n\n<h5 class=\"wp-block-heading\">Valvonta<\/h5>\n\n\n\n<p>Luvan saanut oikeudenk\u00e4yntiavustaja on 8 \u00a7:ss\u00e4 tarkoitetuissa teht\u00e4viss\u00e4\u00e4n oikeuskanslerin, asianajajista annetun lain 6 a \u00a7:n 1 momentissa tarkoitetun valvontalautakunnan (<em>valvontalautakunta<\/em>) ja oikeudenk\u00e4yntiavustajalautakunnan valvonnan alainen sen mukaan kuin t\u00e4ss\u00e4 laissa s\u00e4\u00e4det\u00e4\u00e4n.<\/p>\n\n\n\n<h5 class=\"wp-block-heading\"><a href=\"https:\/\/finlex.fi\/fi\/laki\/ajantasa\/2011\/20110715#a715-2011\">10 \u00a7<\/a><\/h5>\n\n\n\n<h5 class=\"wp-block-heading\">Oikeuskanslerille kuuluva valvonta<\/h5>\n\n\n\n<p>Oikeuskanslerilla on oikeus panna vireille 14 \u00a7:ss\u00e4 tarkoitettu valvonta-asia, jos h\u00e4n katsoo, ett\u00e4 luvan saanut oikeudenk\u00e4yntiavustaja laiminly\u00f6 velvollisuutensa. Oikeudenk\u00e4yntiavustaja on velvollinen antamaan oikeuskanslerille ne tiedot ja selvitykset, jotka ovat tarpeen t\u00e4lle t\u00e4ss\u00e4 laissa s\u00e4\u00e4dettyjen teht\u00e4vien suorittamiseksi.<\/p>\n\n\n\n<h5 class=\"wp-block-heading\"><a href=\"https:\/\/finlex.fi\/fi\/laki\/ajantasa\/2011\/20110715#a715-2011\">11 \u00a7<\/a><\/h5>\n\n\n\n<h5 class=\"wp-block-heading\">Valvontalautakunnalle kuuluva valvonta<\/h5>\n\n\n\n<p>Luvan saanutta oikeudenk\u00e4yntiavustajaa koskevan 14 \u00a7:ss\u00e4 tarkoitetun valvonta-asian k\u00e4sittelee ja ratkaisee valvontalautakunta. Valvontalautakunnasta ja sen j\u00e4senist\u00e4 on voimassa, mit\u00e4 asianajajista annetun lain 6 a, 7 a ja 7 b \u00a7:ss\u00e4, 7 j \u00a7:n 1 momentissa ja 7 k \u00a7:ss\u00e4 s\u00e4\u00e4det\u00e4\u00e4n. Luvan saanutta oikeudenk\u00e4yntiavustajaa koskevaa valvonta-asiaa k\u00e4sitelt\u00e4ess\u00e4 valvontalautakunnan jaostossa puhetta johtaa asianajajakuntaan kuulumaton j\u00e4sen.<\/p>\n\n\n\n<p>Valvontalautakunnassa k\u00e4sitelt\u00e4v\u00e4t 1 momentissa tarkoitetut valvonta-asiat valmistelee asianajajista annetun lain 6 a \u00a7:n 1 momentissa tarkoitettu valvontayksikk\u00f6 (<em>valvontayksikk\u00f6<\/em>). Valvontayksik\u00f6st\u00e4 ja sen toimihenkil\u00f6ist\u00e4 on voimassa, mit\u00e4 asianajajista annetun lain 6 a \u00a7:ss\u00e4, 7 j \u00a7:n 1 momentissa ja 7 k \u00a7:ss\u00e4 s\u00e4\u00e4det\u00e4\u00e4n.<\/p>\n\n\n\n<h5 class=\"wp-block-heading\"><a href=\"https:\/\/finlex.fi\/fi\/laki\/ajantasa\/2011\/20110715#a715-2011\">12 \u00a7<\/a><\/h5>\n\n\n\n<h5 class=\"wp-block-heading\">Oikeudenk\u00e4yntiavustajalautakunnalle kuuluva valvonta<\/h5>\n\n\n\n<p>Sen est\u00e4m\u00e4tt\u00e4, mit\u00e4 11 \u00a7:ss\u00e4 s\u00e4\u00e4det\u00e4\u00e4n, luvan peruuttamisesta ja seuraamusmaksun m\u00e4\u00e4r\u00e4\u00e4misest\u00e4 p\u00e4\u00e4tt\u00e4minen kuuluvat oikeudenk\u00e4yntiavustajalautakunnalle. Oikeudenk\u00e4yntiavustajalautakunta voi my\u00f6s antaa varoituksen tai palauttaa valvonta-asian valvontalautakunnan k\u00e4sitelt\u00e4v\u00e4ksi sen mukaan kuin 16 \u00a7:ss\u00e4 s\u00e4\u00e4det\u00e4\u00e4n.<\/p>\n\n\n\n<div class=\"wp-block-group\"><div class=\"wp-block-group__inner-container is-layout-flow wp-block-group-is-layout-flow\"><\/div><\/div>\n\n\n\n<p><\/p>\n","protected":false},"excerpt":{"rendered":"<p>Luetteloon merkitty toimipaikkakunta on viitteellinen. Useimmat j\u00e4senemme voivat toimia Suomessa my\u00f6s muualla kuin kotipaikkakunnallaan ja muissa kuin kotipaikkakuntansa hovioikeuspiireiss\u00e4 sek\u00e4 ylimmiss\u00e4 oikeusasteissa. Esiintyminen tuomioistuimissa ulkomailla voi olla mahdollista, JOS asianomaisessa maassa sovellettava lains\u00e4\u00e4d\u00e4nt\u00f6 sen sallii. Tarkasta t\u00e4\u00e4lt\u00e4 onko lakimiehell\u00e4si oikeudenk\u00e4yntiavustajan lupa &#8211; kolla h\u00e4r om din jurist har tillst\u00e5nd &#8211; check here whether your lawyer &hellip; <\/p>\n","protected":false},"author":1,"featured_media":0,"parent":0,"menu_order":0,"comment_status":"closed","ping_status":"closed","template":"","meta":{"_cbd_carousel_blocks":"[]","footnotes":""},"class_list":["post-2400167","page","type-page","status-publish","hentry","latest_post"],"_links":{"self":[{"href":"https:\/\/alaki.fi\/wordpress\/index.php?rest_route=\/wp\/v2\/pages\/2400167","targetHints":{"allow":["GET"]}}],"collection":[{"href":"https:\/\/alaki.fi\/wordpress\/index.php?rest_route=\/wp\/v2\/pages"}],"about":[{"href":"https:\/\/alaki.fi\/wordpress\/index.php?rest_route=\/wp\/v2\/types\/page"}],"author":[{"embeddable":true,"href":"https:\/\/alaki.fi\/wordpress\/index.php?rest_route=\/wp\/v2\/users\/1"}],"replies":[{"embeddable":true,"href":"https:\/\/alaki.fi\/wordpress\/index.php?rest_route=%2Fwp%2Fv2%2Fcomments&post=2400167"}],"version-history":[{"count":44,"href":"https:\/\/alaki.fi\/wordpress\/index.php?rest_route=\/wp\/v2\/pages\/2400167\/revisions"}],"predecessor-version":[{"id":2402167,"href":"https:\/\/alaki.fi\/wordpress\/index.php?rest_route=\/wp\/v2\/pages\/2400167\/revisions\/2402167"}],"wp:attachment":[{"href":"https:\/\/alaki.fi\/wordpress\/index.php?rest_route=%2Fwp%2Fv2%2Fmedia&parent=2400167"}],"curies":[{"name":"wp","href":"https:\/\/api.w.org\/{rel}","templated":true}]}}