{"id":2401681,"date":"2024-09-03T06:56:28","date_gmt":"2024-09-03T03:56:28","guid":{"rendered":"https:\/\/alaki.fi\/wordpress\/?page_id=2401681"},"modified":"2025-10-12T18:45:24","modified_gmt":"2025-10-12T15:45:24","slug":"hallitus-kokoontui-20-8-2024","status":"publish","type":"page","link":"https:\/\/alaki.fi\/wordpress\/?page_id=2401681","title":{"rendered":"Hallitus kokoontui"},"content":{"rendered":"\n<p>12.9.2025 Varapuheenjohtajaksi valittiin Auli Nuotio Turusta ja sihteeriksi sek\u00e4 rahastonhoitajaksi Timo Riissanen Helsingist\u00e4.<\/p>\n\n\n\n<p>Hallitus ryhtyy valmistelemaan syysk\u00e4r\u00e4ji\u00e4 pidett\u00e4v\u00e4ksi 21.-22.11.2025 teemalla teko\u00e4ly lakiasiaintoimistoissa<\/p>\n\n\n\n<p><\/p>\n\n\n\n<p>20.8.2024 Varapuheenjohtajaksi valittiin Auli Nuotio Turusta ja sihteeriksi sek\u00e4 rahastonhoitajaksi Timo Riissanen Helsingist\u00e4.<\/p>\n\n\n\n<p>Eduskunnan oikeusasiamies on pyyt\u00e4nyt yhdistykselt\u00e4 20.9.2024 lausunnon kantelusta, joka koskee p\u00e4\u00e4sy\u00e4 Luvan saaneiden oikeudenk\u00e4yntiavustajien yhteystietoihin poliisin luona.  Asiaa koskevia kantoja voi l\u00e4hett\u00e4\u00e4 11.9.2024 menness\u00e4 yhdistyksen s\u00e4hk\u00f6postiosoitteeseen niiden huomioon ottamiseksi.<\/p>\n\n\n\n<p>Syysk\u00e4r\u00e4ji\u00e4 valmistellaan pidett\u00e4v\u00e4ksi 26.10.2024 Suomen Turussa.<\/p>\n\n\n\n<p>Seuraava hallituksen kokous sovittiin pidett\u00e4v\u00e4ksi 26.9.2024 klo 15 <\/p>\n","protected":false},"excerpt":{"rendered":"<p>12.9.2025 Varapuheenjohtajaksi valittiin Auli Nuotio Turusta ja sihteeriksi sek\u00e4 rahastonhoitajaksi Timo Riissanen Helsingist\u00e4. Hallitus ryhtyy valmistelemaan syysk\u00e4r\u00e4ji\u00e4 pidett\u00e4v\u00e4ksi 21.-22.11.2025 teemalla teko\u00e4ly lakiasiaintoimistoissa 20.8.2024 Varapuheenjohtajaksi valittiin Auli Nuotio Turusta ja sihteeriksi sek\u00e4 rahastonhoitajaksi Timo Riissanen Helsingist\u00e4. Eduskunnan oikeusasiamies on pyyt\u00e4nyt yhdistykselt\u00e4 20.9.2024 lausunnon kantelusta, joka koskee p\u00e4\u00e4sy\u00e4 Luvan saaneiden oikeudenk\u00e4yntiavustajien yhteystietoihin poliisin luona. Asiaa koskevia kantoja &hellip; <\/p>\n","protected":false},"author":1,"featured_media":2401683,"parent":0,"menu_order":0,"comment_status":"closed","ping_status":"closed","template":"","meta":{"_cbd_carousel_blocks":"[]","footnotes":""},"class_list":["post-2401681","page","type-page","status-publish","has-post-thumbnail","hentry","latest_post"],"_links":{"self":[{"href":"https:\/\/alaki.fi\/wordpress\/index.php?rest_route=\/wp\/v2\/pages\/2401681","targetHints":{"allow":["GET"]}}],"collection":[{"href":"https:\/\/alaki.fi\/wordpress\/index.php?rest_route=\/wp\/v2\/pages"}],"about":[{"href":"https:\/\/alaki.fi\/wordpress\/index.php?rest_route=\/wp\/v2\/types\/page"}],"author":[{"embeddable":true,"href":"https:\/\/alaki.fi\/wordpress\/index.php?rest_route=\/wp\/v2\/users\/1"}],"replies":[{"embeddable":true,"href":"https:\/\/alaki.fi\/wordpress\/index.php?rest_route=%2Fwp%2Fv2%2Fcomments&post=2401681"}],"version-history":[{"count":2,"href":"https:\/\/alaki.fi\/wordpress\/index.php?rest_route=\/wp\/v2\/pages\/2401681\/revisions"}],"predecessor-version":[{"id":2402165,"href":"https:\/\/alaki.fi\/wordpress\/index.php?rest_route=\/wp\/v2\/pages\/2401681\/revisions\/2402165"}],"wp:featuredmedia":[{"embeddable":true,"href":"https:\/\/alaki.fi\/wordpress\/index.php?rest_route=\/wp\/v2\/media\/2401683"}],"wp:attachment":[{"href":"https:\/\/alaki.fi\/wordpress\/index.php?rest_route=%2Fwp%2Fv2%2Fmedia&parent=2401681"}],"curies":[{"name":"wp","href":"https:\/\/api.w.org\/{rel}","templated":true}]}}